{"id":1417,"date":"2021-02-09T18:41:59","date_gmt":"2021-02-09T15:41:59","guid":{"rendered":"https:\/\/www.yolovista.com\/?page_id=1417"},"modified":"2021-03-01T16:21:09","modified_gmt":"2021-03-01T13:21:09","slug":"who-are-we","status":"publish","type":"page","link":"https:\/\/www.yolovista.com\/tr\/who-are-we\/","title":{"rendered":"Vizyonumuz"},"content":{"rendered":"<div data-elementor-type=\"wp-page\" data-elementor-id=\"1417\" class=\"elementor elementor-1417\">\n\t\t\t\t\t\t<main class=\"elementor-section elementor-top-section elementor-element elementor-element-4e8385bc elementor-section-height-full elementor-section-content-middle elementor-section-boxed elementor-section-height-default elementor-section-items-middle\" data-id=\"4e8385bc\" data-element_type=\"section\" data-e-type=\"section\">\n\t\t\t\t\t\t<div class=\"elementor-container elementor-column-gap-extended\">\n\t\t\t\t\t<div class=\"elementor-column elementor-col-100 elementor-top-column elementor-element elementor-element-2f4aae9f\" data-id=\"2f4aae9f\" data-element_type=\"column\" data-e-type=\"column\">\n\t\t\t<div class=\"elementor-widget-wrap elementor-element-populated\">\n\t\t\t\t\t\t<div class=\"elementor-element elementor-element-403d361 elementor-widget elementor-widget-heading\" data-id=\"403d361\" data-element_type=\"widget\" data-e-type=\"widget\" data-widget_type=\"heading.default\">\n\t\t\t\t\t<h2 class=\"elementor-heading-title elementor-size-default\">YoloVista Bak\u0131\u015f\u0131m\u0131z,<\/h2>\t\t\t\t<\/div>\n\t\t\t\t<div class=\"elementor-element elementor-element-1c79768f elementor-widget elementor-widget-text-editor\" data-id=\"1c79768f\" data-element_type=\"widget\" data-e-type=\"widget\" data-widget_type=\"text-editor.default\">\n\t\t\t\t\t\t\t\t\t<p><\/p>\n<p>Kendimizden  ba\u015flad\u0131 her\u015fey, do\u011fdu\u011fumuz anda g\u00f6zlerimiz az \u00e7ok etraf\u0131m\u0131zdakileri se\u00e7ti\u011finde, ilk g\u00fcl\u00fc\u015f\u00fc, mimikleri ve hareketleri alg\u0131lad\u0131k. En \u00e7ok da hareketli, t\u0131n\u0131s\u0131 ve ritmi olan nesneler ilgimizi \u00e7ekti. U\u00e7an ku\u015flar, oradan oraya ko\u015fturan kediler k\u00f6pekler ve nereden gelirse gelsin ritmik bir \u015fark\u0131ya uyumlanma becerimiz. Do\u011fam\u0131z do\u011fan\u0131n hareketine adapte olmak istiyordu ve uyum g\u00f6steriyordu.<br \/>\u0130\u015fte YoloVista.com misyonu b\u00f6yle bir kaynaktan beslenerek ortaya \u00e7\u0131kt\u0131. Ger\u00e7ekte i\u00e7imizde olan\u0131 ortaya \u00e7\u0131karmak i\u00e7in y\u00fcre\u011fimizle ortaya koydu\u011fumuz g\u00f6zlem, fark\u0131ndal\u0131k ve uyumlanarak, mutlulu\u011fa giden yolu ke\u015ffetme yolu. Binlerce y\u0131ld\u0131r d\u00fcnyada ait olduklar\u0131 co\u011frafyaya bir k\u00fclt\u00fcr yaratarak harman olmu\u015f, kendi ge\u00e7mi\u015flerinden ald\u0131klar\u0131n\u0131 nesiller boyunca aktararak, inanc\u0131n\u0131, m\u00fczi\u011fini, sanat\u0131n\u0131 \u00f6zelle\u015ftirmi\u015f nice topluluklar gibi kendine bir misyon ve hedef belirlemek.<br \/>Evrene, d\u00fcnyaya, kendimize tek bir birle\u015ftirici noktadan bakarak b\u00fct\u00fcnsel d\u00fc\u015f\u00fcnecek kapasiteye ula\u015fmak. Vizyonumuz, b\u00fct\u00fcnle\u015ftirici ve fark\u0131nda olan, i\u00e7inde ya\u015fad\u0131\u011f\u0131 d\u00fcnyan\u0131n canl\u0131l\u0131\u011f\u0131na \u00fcreterek ve koruyarak destek olmak.<br \/>Gezgin yazarlar\u0131m\u0131z'\u0131n sosyal medyada payla\u015ft\u0131klar\u0131 yerlerin, mistik cografyalar\u0131n, farkl\u0131 inan\u00e7lar\u0131n, enteresan do\u011fan\u0131n ve ya\u015fad\u0131klar\u0131 deneyimlerin uzun hikayelerini burada yay\u0131nlayaca\u011f\u0131z. Yazarlar\u0131m\u0131zla ileti\u015fim kurabilir ve ke\u015fif \u00f6yk\u00fclerinden ilham alarak sizin vizyonunuza bir katk\u0131 sa\u011flayabiliriz.<br \/>YoloVista.com ticari bir saik ile kurulmam\u0131\u015ft\u0131r, bununla beraber yazarlar\u0131m\u0131z\u0131n ve sitemizin s\u00fcrd\u00fcr\u00fclebilirli\u011fini sa\u011flamak i\u00e7in seyahat, konaklama ve yeme&amp;i\u00e7me deneyimlerini, partner firmalar\u0131n reklamlar\u0131 olarak yay\u0131nlayaca\u011f\u0131z.<\/p>\n<p><\/p>\t\t\t\t\t\t\t\t<\/div>\n\t\t\t\t\t<\/div>\n\t\t<\/div>\n\t\t\t\t\t<\/div>\n\t\t<\/main>\n\t\t\t\t<\/div>","protected":false},"excerpt":{"rendered":"<p>YoloVista Vision, Everything started from ourselves. When we were born and our eyes somewhat chose those around us, we perceived the first laughs, gestures and movements. Most of all, moving objects with resonance and rhythm drew our attention. Flying birds, cats and dogs running around and our ability to adapt to a rhythmic song no [&hellip;]<\/p>","protected":false},"author":1,"featured_media":0,"parent":0,"menu_order":0,"comment_status":"closed","ping_status":"closed","template":"","meta":{"footnotes":""},"class_list":["post-1417","page","type-page","status-publish","hentry"],"_links":{"self":[{"href":"https:\/\/www.yolovista.com\/tr\/wp-json\/wp\/v2\/pages\/1417","targetHints":{"allow":["GET"]}}],"collection":[{"href":"https:\/\/www.yolovista.com\/tr\/wp-json\/wp\/v2\/pages"}],"about":[{"href":"https:\/\/www.yolovista.com\/tr\/wp-json\/wp\/v2\/types\/page"}],"author":[{"embeddable":true,"href":"https:\/\/www.yolovista.com\/tr\/wp-json\/wp\/v2\/users\/1"}],"replies":[{"embeddable":true,"href":"https:\/\/www.yolovista.com\/tr\/wp-json\/wp\/v2\/comments?post=1417"}],"version-history":[{"count":0,"href":"https:\/\/www.yolovista.com\/tr\/wp-json\/wp\/v2\/pages\/1417\/revisions"}],"wp:attachment":[{"href":"https:\/\/www.yolovista.com\/tr\/wp-json\/wp\/v2\/media?parent=1417"}],"curies":[{"name":"wp","href":"https:\/\/api.w.org\/{rel}","templated":true}]}}